{"id":58,"date":"2025-12-05T01:38:22","date_gmt":"2025-12-05T01:38:22","guid":{"rendered":"https:\/\/dev.almahealthcare.com\/inicio\/"},"modified":"2026-04-17T23:02:27","modified_gmt":"2026-04-17T23:02:27","slug":"inicio","status":"publish","type":"page","link":"https:\/\/dev.almahealthcare.com\/es\/","title":{"rendered":"Inicio"},"content":{"rendered":"<section id=\"homeHeader\" style=\"background:#fae2b3;\">\n    <div class=\"container\">\n        <div class=\"home-header-content\">\n            <div class=\"header-left\">\n                <h1 class=\"font-header small\" style=\"color:#41bcb0\">Alma Healthcare<\/h1>\n                <h2 class=\"font-header large\" style=\"color:#33251c\">Invirtiendo en Personas. Transformando la Atenci\u00f3n M\u00e9dica. Empoderando Comunidades.  <\/h2>\n                <div class=\"text-summary\">\n                    <p class=\"font-regular\">ALMA reduce las barreras financieras, educativas y profesionales que han mantenido al talento latino fuera del sistema de salud de Arizona. Desde becas y subvenciones hasta mentor\u00eda pr\u00e1ctica y conexiones profesionales, estamos construyendo un canal de profesionales m\u00e9dicos diversos que dar\u00e1n forma al futuro de la atenci\u00f3n m\u00e9dica en nuestro estado. <\/p>\n                <\/div>\n                                    <div class=\"impact-buttons\">\n                        <a class=\"button button-orange internal-link \" href=\"#something\">Ecosistema de Membres\u00eda de ALMA<\/a>&nbsp;                        <!-- <a class=\"button button-orange\" href=\"#\">Learn More<\/a>\n                        <a class=\"button button-dark\" href=\"#\">Get Involved<\/a> -->\n                    <\/div>\n                                <!-- <a class=\"button button-orange internal-link\" href=\"\">What Makes Alma Special?<\/a> -->\n                <div class=\"font-regular number-counters\">\n                                        <div class=\"number-box\">\n                        <span class=\"number-box-number font-header\" data-num=\"300\"><b>0<\/b>+<\/span>\n                        <span class=\"number-box-title\">Miembros Activos<\/span>\n                    <\/div>\n                                        <div class=\"number-box\">\n                        <span class=\"number-box-number font-header\" data-num=\"750\"><b>0<\/b>+<\/span>\n                        <span class=\"number-box-title\">Becas Otorgadas<\/span>\n                    <\/div>\n                                        <div class=\"number-box\">\n                        <span class=\"number-box-number font-header\" data-num=\"215\"><b>0<\/b>+<\/span>\n                        <span class=\"number-box-title\">Profesionales con Mentor\u00eda<\/span>\n                    <\/div>\n                                        \n                <\/div>\n                <\/a>\n            <\/div>\n            <div class=\"header-right\">\n                \n                <div class=\"mask-box-wrapper\">\n                    <div class=\"mask-box azteccalendar\">\n                        <img decoding=\"async\" src=\"https:\/\/dev.almahealthcare.com\/wp-content\/uploads\/2026\/04\/alma-healthcare-board-of-directors.jpg\" alt=\"ALMA Healthcare \" \/>\n                    <\/div>\n                    <div class=\"mask-background\">\n                                                        <svg xmlns=\"http:\/\/www.w3.org\/2000\/svg\" version=\"1.1\" viewBox=\"0 0 400 400\">\n                                    <path fill=\"#f0b045\" d=\"M196.28,2.55c1.4-3.55,6.43-3.55,7.84,0l17.09,43.27c27.15,3.69,52.05,14.41,72.82,30.28l42.81-18.57c3.51-1.52,7.06,2.04,5.54,5.54l-18.62,42.94c15.64,20.72,26.19,45.5,29.78,72.48l43.82,17.31c3.55,1.4,3.55,6.43,0,7.84l-43.99,17.38c-3.78,26.68-14.36,51.16-29.94,71.65l18.95,43.7c1.52,3.51-2.04,7.06-5.54,5.54l-43.83-19c-20.44,15.35-44.8,25.76-71.31,29.44l-17.59,44.54c-1.4,3.55-6.43,3.55-7.84,0l-17.59-44.54c-26.51-3.69-50.87-14.09-71.31-29.44l-43.83,19c-3.51,1.52-7.06-2.04-5.54-5.54l18.95-43.7c-15.58-20.49-26.16-44.97-29.94-71.65L3.03,203.64c-3.55-1.4-3.55-6.43,0-7.84l43.82-17.31c3.59-26.98,14.14-51.76,29.78-72.49l-18.62-42.94c-1.52-3.51,2.04-7.06,5.54-5.54l42.81,18.57c20.77-15.87,45.68-26.59,72.82-30.28L196.28,2.55Z\"\/>\n                                <\/svg>\n                                                       \n                    <\/div>\n                <\/div>\n            <\/div>    \n        <\/div>\n    <\/div>   \n    <div class=\"swoop\">\n        <svg preserveAspectRatio=\"none\" xmlns=\"http:\/\/www.w3.org\/2000\/svg\" version=\"1.1\" viewBox=\"0 0 1000 600\">\n            <path fill=\"#ffffff\" d=\"M-55.06,604.54S662.11,582.74,950.11-.03l49.98-.14-.09,604.59s-1052.4-.19-1055.06.12Z\"\/>\n        <\/svg>\n    <\/div>\n                                \n    <div class=\"green-button-bar font-header\">\n                <a href=\"https:\/\/dev.almahealthcare.com\/es\/becas\/\"  >\n            Solicitud de Beca            <svg xmlns=\"http:\/\/www.w3.org\/2000\/svg\" viewBox=\"0 0 448 512\"><path d=\"M439.1 278.6c12.5-12.5 12.5-32.8 0-45.3l-160-160c-12.5-12.5-32.8-12.5-45.3 0s-12.5 32.8 0 45.3L371.2 256 233.9 393.4c-12.5 12.5-12.5 32.8 0 45.3s32.8 12.5 45.3 0l160-160zm-352 160l160-160c12.5-12.5 12.5-32.8 0-45.3l-160-160c-12.5-12.5-32.8-12.5-45.3 0s-12.5 32.8 0 45.3L179.2 256 41.9 393.4c-12.5 12.5-12.5 32.8 0 45.3s32.8 12.5 45.3 0z\"\/><\/svg>\n        <\/a>\n                <a href=\"https:\/\/dev.almahealthcare.com\/es\/pasantias-medicas\/\"  >\n            Encuentra Pasant\u00edas            <svg xmlns=\"http:\/\/www.w3.org\/2000\/svg\" viewBox=\"0 0 448 512\"><path d=\"M439.1 278.6c12.5-12.5 12.5-32.8 0-45.3l-160-160c-12.5-12.5-32.8-12.5-45.3 0s-12.5 32.8 0 45.3L371.2 256 233.9 393.4c-12.5 12.5-12.5 32.8 0 45.3s32.8 12.5 45.3 0l160-160zm-352 160l160-160c12.5-12.5 12.5-32.8 0-45.3l-160-160c-12.5-12.5-32.8-12.5-45.3 0s-12.5 32.8 0 45.3L179.2 256 41.9 393.4c-12.5 12.5-12.5 32.8 0 45.3s32.8 12.5 45.3 0z\"\/><\/svg>\n        <\/a>\n                <a href=\"https:\/\/dev.almahealthcare.com\/es\/empleos\/\"  >\n            Oportunidades de Empleo            <svg xmlns=\"http:\/\/www.w3.org\/2000\/svg\" viewBox=\"0 0 448 512\"><path d=\"M439.1 278.6c12.5-12.5 12.5-32.8 0-45.3l-160-160c-12.5-12.5-32.8-12.5-45.3 0s-12.5 32.8 0 45.3L371.2 256 233.9 393.4c-12.5 12.5-12.5 32.8 0 45.3s32.8 12.5 45.3 0l160-160zm-352 160l160-160c12.5-12.5 12.5-32.8 0-45.3l-160-160c-12.5-12.5-32.8-12.5-45.3 0s-12.5 32.8 0 45.3L179.2 256 41.9 393.4c-12.5 12.5-12.5 32.8 0 45.3s32.8 12.5 45.3 0z\"\/><\/svg>\n        <\/a>\n                \n    <\/div>\n    <\/section><div class=\"homenewsscroller\">\n    <div class=\"mid-container\">   \n        <div class=\"home-news-scroll-wrapper\"> \n                  <div class=\"home-events\">\n                        <h3 class=\"font-header\">Upcoming Events<\/h3>\n                        <article class=\"hnl-listing\"> \n                            <div class=\"listing-left-box\"><\/div>  \n                            <div class=\"listing-right-box\"><\/div>  \n                        <\/article>\n                  <\/div>\n                  <div class=\"home-news\">\n                        <h3 class=\"font-header\">Noticias<\/h3>\n                                                    <script type=\"application\/ld+json\">\n                                {\n                                \"@context\": \"https:\/\/schema.org\",\n                                \"@type\": \"ItemList\",\n                                \"name\": \"News\",\n                                \"url\": \"https:\/\/dev.almahealthcare.com\/news\/\",\n                                \"itemListElement\": [\n                                                                            {\n                                            \"@type\": \"ListItem\",\n                                            \"position\": 1,\n                                            \"item\": {\n                                                \"@type\": \"NewsArticle\",\n                                                \"headline\": \"\u00a1Hola, mundo!\",\n                                                \"datePublished\": \"\",\n                                                \"url\": \"https:\/\/dev.almahealthcare.com\/es\/hola-mundo\/\",\n                                                \"image\": {\n                                                \"@type\": \"ImageObject\",\n                                                \"url\": \"\",\n                                                \"width\": 150,\n                                                \"height\": 150\n                                                },\n                                                \"publisher\": {\n                                                    \"@type\": \"Organization\",\n                                                    \"name\": \"ALMA Healthcare\",\n                                                    \"logo\": {\n                                                        \"@type\": \"ImageObject\",\n                                                        \"url\": \"https:\/\/dev.almahealthcare.com\/es\/\/placeholder.png\"\n                                                    }\n                                                }\n                                            }\n                                        }\n                                    ,                                ]\n                                }\n                            <\/script> \n                           \n                                                        <article class=\"hnl-listing\" itemscope itemtype=\"https:\/\/schema.org\/Article\"> \n                                <a href=\"https:\/\/dev.almahealthcare.com\/es\/hola-mundo\/\" title=\"\u00a1Hola, mundo!\"><\/a>\n                                <div class=\"listing-left-box\" style=\"background-image:url('');\"><\/div>  \n                                <div class=\"listing-right-box\">\n                                    <h4 class=\"font-header\" >\u00a1Hola, mundo!<\/h4>\n                                    <span class=\"date-published font-regular\">January, 11th 2026<\/span>   \n                                <\/div>  \n                            <\/article> \n                                                 <div>\n                            <a class=\"hns-more font-regular\" href=\"https:\/\/dev.almahealthcare.com\/news\/\">\n                                View News\n                                <svg xmlns=\"http:\/\/www.w3.org\/2000\/svg\" viewBox=\"0 0 448 512\"><path d=\"M439.1 278.6c12.5-12.5 12.5-32.8 0-45.3l-160-160c-12.5-12.5-32.8-12.5-45.3 0s-12.5 32.8 0 45.3L371.2 256 233.9 393.4c-12.5 12.5-12.5 32.8 0 45.3s32.8 12.5 45.3 0l160-160zm-352 160l160-160c12.5-12.5 12.5-32.8 0-45.3l-160-160c-12.5-12.5-32.8-12.5-45.3 0s-12.5 32.8 0 45.3L179.2 256 41.9 393.4c-12.5 12.5-12.5 32.8 0 45.3s32.8 12.5 45.3 0z\"\/><\/svg>\n                            <\/a>\n                        <\/div>\n                  <\/div>\n                  <div class=\"home-scroller\">\n\n                  <\/div>\n        <\/div>\n    <\/div>\n<\/div>","protected":false},"excerpt":{"rendered":"","protected":false},"author":1,"featured_media":0,"parent":0,"menu_order":0,"comment_status":"closed","ping_status":"closed","template":"plain.blade.php","meta":{"_acf_changed":false,"footnotes":""},"class_list":["post-58","page","type-page","status-publish","hentry"],"acf":[],"_links":{"self":[{"href":"https:\/\/dev.almahealthcare.com\/es\/wp-json\/wp\/v2\/pages\/58","targetHints":{"allow":["GET"]}}],"collection":[{"href":"https:\/\/dev.almahealthcare.com\/es\/wp-json\/wp\/v2\/pages"}],"about":[{"href":"https:\/\/dev.almahealthcare.com\/es\/wp-json\/wp\/v2\/types\/page"}],"author":[{"embeddable":true,"href":"https:\/\/dev.almahealthcare.com\/es\/wp-json\/wp\/v2\/users\/1"}],"replies":[{"embeddable":true,"href":"https:\/\/dev.almahealthcare.com\/es\/wp-json\/wp\/v2\/comments?post=58"}],"version-history":[{"count":2,"href":"https:\/\/dev.almahealthcare.com\/es\/wp-json\/wp\/v2\/pages\/58\/revisions"}],"predecessor-version":[{"id":955,"href":"https:\/\/dev.almahealthcare.com\/es\/wp-json\/wp\/v2\/pages\/58\/revisions\/955"}],"wp:attachment":[{"href":"https:\/\/dev.almahealthcare.com\/es\/wp-json\/wp\/v2\/media?parent=58"}],"curies":[{"name":"wp","href":"https:\/\/api.w.org\/{rel}","templated":true}]}}