{"id":729,"date":"2026-02-24T16:43:31","date_gmt":"2026-02-24T16:43:31","guid":{"rendered":"https:\/\/dev.almahealthcare.com\/donar\/"},"modified":"2026-02-24T22:29:47","modified_gmt":"2026-02-24T22:29:47","slug":"donar","status":"publish","type":"page","link":"https:\/\/dev.almahealthcare.com\/es\/donar\/","title":{"rendered":"Donar"},"content":{"rendered":" <div class=\"general-page-image-subheader\" style=\"margin-top: 0px;\">\n            <div class=\"sub-header-images\">\n            <div class=\"sub-header-images-wrap\">\n                                    <figure class=\"sub-head-image\">\n                        <img decoding=\"async\" src=\"https:\/\/dev.almahealthcare.com\/wp-content\/uploads\/2026\/01\/Mask-group-3-216x300.png\" alt=\"\" \/>\n                    <\/figure>\n                                    <figure class=\"sub-head-image\">\n                        <img decoding=\"async\" src=\"https:\/\/dev.almahealthcare.com\/wp-content\/uploads\/2026\/01\/scholarship-recipient2-216x300.png\" alt=\"\" \/>\n                    <\/figure>\n                                    <figure class=\"sub-head-image\">\n                        <img decoding=\"async\" src=\"https:\/\/dev.almahealthcare.com\/wp-content\/uploads\/2026\/02\/Screenshot-2025-12-11-at-12.34.48-PM-1-297x300.png\" alt=\"\" \/>\n                    <\/figure>\n                                    <figure class=\"sub-head-image\">\n                        <img decoding=\"async\" src=\"https:\/\/dev.almahealthcare.com\/wp-content\/uploads\/2025\/12\/sharing-experience-398x300.png\" alt=\"\" \/>\n                    <\/figure>\n                                    <figure class=\"sub-head-image\">\n                        <img decoding=\"async\" src=\"https:\/\/dev.almahealthcare.com\/wp-content\/uploads\/2025\/12\/scholarship-242x300.png\" alt=\"scholarship recipient\" \/>\n                    <\/figure>\n                                    <figure class=\"sub-head-image\">\n                        <img decoding=\"async\" src=\"https:\/\/dev.almahealthcare.com\/wp-content\/uploads\/2026\/01\/scholarship-recipient4-216x300.png\" alt=\"\" \/>\n                    <\/figure>\n                                    <figure class=\"sub-head-image\">\n                        <img decoding=\"async\" src=\"https:\/\/dev.almahealthcare.com\/wp-content\/uploads\/2026\/02\/Screenshot-2025-12-11-at-12.35.18-PM-1-2-416x300.png\" alt=\"\" \/>\n                    <\/figure>\n                                    <figure class=\"sub-head-image\">\n                        <img decoding=\"async\" src=\"https:\/\/dev.almahealthcare.com\/wp-content\/uploads\/2025\/11\/student-membership.png\" alt=\"\" \/>\n                    <\/figure>\n                            <\/div>\n        <\/div>\n        <div class=\"sub-head-shape\" style=\"background-color: #fae2b3;\">\n            <?xml version=\"1.0\" encoding=\"UTF-8\"?><svg preserveAspectRatio=\"none\" fill=\"#fffcfc\" xmlns=\"http:\/\/www.w3.org\/2000\/svg\" version=\"1.1\" viewBox=\"0 0 600 155.95\"><path d=\"M300.04,66.21c-125.26,0-235.72,35.58-301.13,89.72h602.26c-65.41-54.15-175.87-89.72-301.13-89.72Z\"\/><\/svg><\/div>    <\/div>\n  <\/div> <!-- side by side 1 -->\n          <div class=\"side-by-side-content\" style=\"background-color: #ffffff;\" id=\"theStart\">\n            <div class=\"mid-container\"> \n                <div class=\"side-by-side-wrapper\">\n                    <div class=\"left-side font-regular\">\n                                        \n                                                            <h2>Tu Donaci\u00f3n Es Solo el Comienzo<\/h2>\n<p>Cuando donas a ALMA, no est\u00e1s escribiendo un cheque\u2014est\u00e1s abriendo una puerta. Pero no solo abrimos esa puerta y nos vamos. Desde el momento en que un estudiante recibe una beca de ALMA, entra en un ecosistema integral de apoyo que lo acompa\u00f1a a trav\u00e9s de cada etapa de su trayectoria en el cuidado de la salud. Los ayudamos a navegar las admisiones, proporcionamos subvenciones continuas para sostenerlos durante la escuela, los conectamos con mentores que han recorrido el mismo camino y ofrecemos oportunidades de capacitaci\u00f3n que convierten el conocimiento del aula en habilidades del mundo real. A medida que hacen la transici\u00f3n a la pr\u00e1ctica, nuestra red de profesionales dedicados asegura que tengan acceso a educaci\u00f3n continua, oportunidades profesionales y una comunidad que comprende sus desaf\u00edos \u00fanicos. Tu donaci\u00f3n inicia su trayectoria\u2014pero ALMA camina a su lado hasta que sean l\u00edderes pr\u00f3speros del cuidado de la salud sirviendo a las comunidades que m\u00e1s los necesitan.<\/p>\n<br><a class=\"button internal-link button-orange\" href=\"#donateForm\">Donar<\/a>                                                                                                      \n                                           <\/div>\n                    <div class=\"right-side font-regular\">\n                                                                                    <img decoding=\"async\" src=\"https:\/\/dev.almahealthcare.com\/wp-content\/uploads\/2026\/02\/latino-student.jpg\" alt=\"\">\n                                                                          \n                                          <\/div>\n                <\/div>\n\n            <\/div>\n        <\/div>\n        <!-- side by side 1 end -->\n        <script src=\"https:\/\/cdnjs.cloudflare.com\/ajax\/libs\/jquery.mask\/1.14.10\/jquery.mask.js\"><\/script>\n<div id=\"donateForm\" class=\"alm-grav\" style=\"background-color: #fae2b3;\">\n    <div class=\"thin-container\">\n            <h2 class=\"font-header form-title\">Ay\u00fadanos a Hacer la Diferencia<\/h2>\n        <script>\nvar gform;gform||(document.addEventListener(\"gform_main_scripts_loaded\",function(){gform.scriptsLoaded=!0}),document.addEventListener(\"gform\/theme\/scripts_loaded\",function(){gform.themeScriptsLoaded=!0}),window.addEventListener(\"DOMContentLoaded\",function(){gform.domLoaded=!0}),gform={domLoaded:!1,scriptsLoaded:!1,themeScriptsLoaded:!1,isFormEditor:()=>\"function\"==typeof InitializeEditor,callIfLoaded:function(o){return!(!gform.domLoaded||!gform.scriptsLoaded||!gform.themeScriptsLoaded&&!gform.isFormEditor()||(gform.isFormEditor()&&console.warn(\"The use of gform.initializeOnLoaded() is deprecated in the form editor context and will be removed in Gravity Forms 3.1.\"),o(),0))},initializeOnLoaded:function(o){gform.callIfLoaded(o)||(document.addEventListener(\"gform_main_scripts_loaded\",()=>{gform.scriptsLoaded=!0,gform.callIfLoaded(o)}),document.addEventListener(\"gform\/theme\/scripts_loaded\",()=>{gform.themeScriptsLoaded=!0,gform.callIfLoaded(o)}),window.addEventListener(\"DOMContentLoaded\",()=>{gform.domLoaded=!0,gform.callIfLoaded(o)}))},hooks:{action:{},filter:{}},addAction:function(o,r,e,t){gform.addHook(\"action\",o,r,e,t)},addFilter:function(o,r,e,t){gform.addHook(\"filter\",o,r,e,t)},doAction:function(o){gform.doHook(\"action\",o,arguments)},applyFilters:function(o){return gform.doHook(\"filter\",o,arguments)},removeAction:function(o,r){gform.removeHook(\"action\",o,r)},removeFilter:function(o,r,e){gform.removeHook(\"filter\",o,r,e)},addHook:function(o,r,e,t,n){null==gform.hooks[o][r]&&(gform.hooks[o][r]=[]);var d=gform.hooks[o][r];null==n&&(n=r+\"_\"+d.length),gform.hooks[o][r].push({tag:n,callable:e,priority:t=null==t?10:t})},doHook:function(r,o,e){var t;if(e=Array.prototype.slice.call(e,1),null!=gform.hooks[r][o]&&((o=gform.hooks[r][o]).sort(function(o,r){return o.priority-r.priority}),o.forEach(function(o){\"function\"!=typeof(t=o.callable)&&(t=window[t]),\"action\"==r?t.apply(null,e):e[0]=t.apply(null,e)})),\"filter\"==r)return e[0]},removeHook:function(o,r,t,n){var e;null!=gform.hooks[o][r]&&(e=(e=gform.hooks[o][r]).filter(function(o,r,e){return!!(null!=n&&n!=o.tag||null!=t&&t!=o.priority)}),gform.hooks[o][r]=e)}});\n<\/script>\n\n                <div class='gf_browser_gecko gform_wrapper gform-theme gform-theme--foundation gform-theme--framework gform-theme--orbital' data-form-theme='orbital' data-form-index='0' id='gform_wrapper_3' ><style>#gform_wrapper_3[data-form-index=\"0\"].gform-theme,[data-parent-form=\"3_0\"]{--gf-color-primary: #204ce5;--gf-color-primary-rgb: 32, 76, 229;--gf-color-primary-contrast: #fff;--gf-color-primary-contrast-rgb: 255, 255, 255;--gf-color-primary-darker: #001AB3;--gf-color-primary-lighter: #527EFF;--gf-color-secondary: #fff;--gf-color-secondary-rgb: 255, 255, 255;--gf-color-secondary-contrast: #112337;--gf-color-secondary-contrast-rgb: 17, 35, 55;--gf-color-secondary-darker: #F5F5F5;--gf-color-secondary-lighter: #FFFFFF;--gf-color-out-ctrl-light: rgba(17, 35, 55, 0.1);--gf-color-out-ctrl-light-rgb: 17, 35, 55;--gf-color-out-ctrl-light-darker: rgba(104, 110, 119, 0.35);--gf-color-out-ctrl-light-lighter: #F5F5F5;--gf-color-out-ctrl-dark: #585e6a;--gf-color-out-ctrl-dark-rgb: 88, 94, 106;--gf-color-out-ctrl-dark-darker: #112337;--gf-color-out-ctrl-dark-lighter: rgba(17, 35, 55, 0.65);--gf-color-in-ctrl: #fff;--gf-color-in-ctrl-rgb: 255, 255, 255;--gf-color-in-ctrl-contrast: #112337;--gf-color-in-ctrl-contrast-rgb: 17, 35, 55;--gf-color-in-ctrl-darker: #F5F5F5;--gf-color-in-ctrl-lighter: #FFFFFF;--gf-color-in-ctrl-primary: #204ce5;--gf-color-in-ctrl-primary-rgb: 32, 76, 229;--gf-color-in-ctrl-primary-contrast: #fff;--gf-color-in-ctrl-primary-contrast-rgb: 255, 255, 255;--gf-color-in-ctrl-primary-darker: #001AB3;--gf-color-in-ctrl-primary-lighter: #527EFF;--gf-color-in-ctrl-light: rgba(17, 35, 55, 0.1);--gf-color-in-ctrl-light-rgb: 17, 35, 55;--gf-color-in-ctrl-light-darker: rgba(104, 110, 119, 0.35);--gf-color-in-ctrl-light-lighter: #F5F5F5;--gf-color-in-ctrl-dark: #585e6a;--gf-color-in-ctrl-dark-rgb: 88, 94, 106;--gf-color-in-ctrl-dark-darker: #112337;--gf-color-in-ctrl-dark-lighter: rgba(17, 35, 55, 0.65);--gf-radius: 3px;--gf-font-size-secondary: 14px;--gf-font-size-tertiary: 13px;--gf-icon-ctrl-number: url(\"data:image\/svg+xml,%3Csvg width='8' height='14' viewBox='0 0 8 14' fill='none' xmlns='http:\/\/www.w3.org\/2000\/svg'%3E%3Cpath fill-rule='evenodd' clip-rule='evenodd' d='M4 0C4.26522 5.96046e-08 4.51957 0.105357 4.70711 0.292893L7.70711 3.29289C8.09763 3.68342 8.09763 4.31658 7.70711 4.70711C7.31658 5.09763 6.68342 5.09763 6.29289 4.70711L4 2.41421L1.70711 4.70711C1.31658 5.09763 0.683417 5.09763 0.292893 4.70711C-0.0976311 4.31658 -0.097631 3.68342 0.292893 3.29289L3.29289 0.292893C3.48043 0.105357 3.73478 0 4 0ZM0.292893 9.29289C0.683417 8.90237 1.31658 8.90237 1.70711 9.29289L4 11.5858L6.29289 9.29289C6.68342 8.90237 7.31658 8.90237 7.70711 9.29289C8.09763 9.68342 8.09763 10.3166 7.70711 10.7071L4.70711 13.7071C4.31658 14.0976 3.68342 14.0976 3.29289 13.7071L0.292893 10.7071C-0.0976311 10.3166 -0.0976311 9.68342 0.292893 9.29289Z' fill='rgba(17, 35, 55, 0.65)'\/%3E%3C\/svg%3E\");--gf-icon-ctrl-select: url(\"data:image\/svg+xml,%3Csvg width='10' height='6' viewBox='0 0 10 6' fill='none' xmlns='http:\/\/www.w3.org\/2000\/svg'%3E%3Cpath fill-rule='evenodd' clip-rule='evenodd' d='M0.292893 0.292893C0.683417 -0.097631 1.31658 -0.097631 1.70711 0.292893L5 3.58579L8.29289 0.292893C8.68342 -0.0976311 9.31658 -0.0976311 9.70711 0.292893C10.0976 0.683417 10.0976 1.31658 9.70711 1.70711L5.70711 5.70711C5.31658 6.09763 4.68342 6.09763 4.29289 5.70711L0.292893 1.70711C-0.0976311 1.31658 -0.0976311 0.683418 0.292893 0.292893Z' fill='rgba(17, 35, 55, 0.65)'\/%3E%3C\/svg%3E\");--gf-icon-ctrl-search: url(\"data:image\/svg+xml,%3Csvg width='640' height='640' xmlns='http:\/\/www.w3.org\/2000\/svg'%3E%3Cpath d='M256 128c-70.692 0-128 57.308-128 128 0 70.691 57.308 128 128 128 70.691 0 128-57.309 128-128 0-70.692-57.309-128-128-128zM64 256c0-106.039 85.961-192 192-192s192 85.961 192 192c0 41.466-13.146 79.863-35.498 111.248l154.125 154.125c12.496 12.496 12.496 32.758 0 45.254s-32.758 12.496-45.254 0L367.248 412.502C335.862 434.854 297.467 448 256 448c-106.039 0-192-85.962-192-192z' fill='rgba(17, 35, 55, 0.65)'\/%3E%3C\/svg%3E\");--gf-label-space-y-secondary: var(--gf-label-space-y-md-secondary);--gf-ctrl-border-color: #686e77;--gf-ctrl-size: var(--gf-ctrl-size-md);--gf-ctrl-label-color-primary: #112337;--gf-ctrl-label-color-secondary: #112337;--gf-ctrl-choice-size: var(--gf-ctrl-choice-size-md);--gf-ctrl-checkbox-check-size: var(--gf-ctrl-checkbox-check-size-md);--gf-ctrl-radio-check-size: var(--gf-ctrl-radio-check-size-md);--gf-ctrl-btn-font-size: var(--gf-ctrl-btn-font-size-md);--gf-ctrl-btn-padding-x: var(--gf-ctrl-btn-padding-x-md);--gf-ctrl-btn-size: var(--gf-ctrl-btn-size-md);--gf-ctrl-btn-border-color-secondary: #686e77;--gf-ctrl-file-btn-bg-color-hover: #EBEBEB;--gf-field-img-choice-size: var(--gf-field-img-choice-size-md);--gf-field-img-choice-card-space: var(--gf-field-img-choice-card-space-md);--gf-field-img-choice-check-ind-size: var(--gf-field-img-choice-check-ind-size-md);--gf-field-img-choice-check-ind-icon-size: var(--gf-field-img-choice-check-ind-icon-size-md);--gf-field-pg-steps-number-color: rgba(17, 35, 55, 0.8);}<\/style><div id='gf_3' class='gform_anchor' tabindex='-1'><\/div><form method='post' enctype='multipart\/form-data' target='gform_ajax_frame_3' id='gform_3'  action='\/es\/wp-json\/wp\/v2\/pages\/729#gf_3' data-formid='3' novalidate><div id='gf_page_steps_3' class='gf_page_steps'><div id='gf_step_3_1' class='gf_step gf_step_active gf_step_first'><span class='gf_step_number'>1<\/span><span class='gf_step_label'>Informaci\u00f3n<\/span><\/div><div id='gf_step_3_2' class='gf_step gf_step_last gf_step_next gf_step_pending'><span class='gf_step_number'>2<\/span><span class='gf_step_label'>Donar<\/span><\/div><\/div>\n                        <div class='gform-body gform_body'><div id='gform_page_3_1' class='gform_page ' data-js='page-field-id-0' >\n\t\t\t\t\t<div class='gform_page_fields'><div id='gform_fields_3' class='gform_fields top_label form_sublabel_below description_below validation_below'><div id=\"field_3_4\" class=\"gfield gfield--type-text gfield--input-type-text gfield--width-half gfield_contains_required field_sublabel_below gfield--no-description field_description_below field_validation_below gfield_visibility_visible\"  ><label class='gfield_label gform-field-label' for='input_3_4'>Nombre<span class=\"gfield_required\"><span class=\"gfield_required gfield_required_text\">(Obligatorio)<\/span><\/span><\/label><div class='ginput_container ginput_container_text'><input name='input_4' id='input_3_4' type='text' value='' class='large'   tabindex='49'  aria-required=\"true\" aria-invalid=\"false\"   \/><\/div><\/div><div id=\"field_3_5\" class=\"gfield gfield--type-email gfield--input-type-email gfield--width-half gfield_contains_required field_sublabel_below gfield--no-description field_description_below field_validation_below gfield_visibility_visible\"  ><label class='gfield_label gform-field-label' for='input_3_5'>Email<span class=\"gfield_required\"><span class=\"gfield_required gfield_required_text\">(Obligatorio)<\/span><\/span><\/label><div class='ginput_container ginput_container_email'>\n                            <input name='input_5' id='input_3_5' type='email' value='' class='large' tabindex='50'   aria-required=\"true\" aria-invalid=\"false\"  \/>\n                        <\/div><\/div><div id=\"field_3_6\" class=\"gfield gfield--type-text gfield--input-type-text gfield--width-half field_sublabel_below gfield--no-description field_description_below field_validation_below gfield_visibility_visible\"  ><label class='gfield_label gform-field-label' for='input_3_6'>Empresa (si aplica)<\/label><div class='ginput_container ginput_container_text'><input name='input_6' id='input_3_6' type='text' value='' class='large'   tabindex='51'   aria-invalid=\"false\"   \/><\/div><\/div><div id=\"field_3_8\" class=\"gfield gfield--type-text gfield--input-type-text gfield--width-half gfield_contains_required field_sublabel_below gfield--no-description field_description_below field_validation_below gfield_visibility_visible\"  ><label class='gfield_label gform-field-label' for='input_3_8'>Tel\u00e9fono<span class=\"gfield_required\"><span class=\"gfield_required gfield_required_text\">(Obligatorio)<\/span><\/span><\/label><div class='ginput_container ginput_container_text'><input name='input_8' id='input_3_8' type='text' value='' class='large'   tabindex='52'  aria-required=\"true\" aria-invalid=\"false\"   \/><\/div><\/div><\/div>\n                    <\/div>\n                    <div class='gform-page-footer gform_page_footer top_label'>\n                         <input type='button' id='gform_next_button_3_9' class='gform_next_button gform-theme-button button' onclick='gform.submission.handleButtonClick(this);' data-submission-type='next' value='Siguiente' tabindex='53' \/> \n                    <\/div>\n                <\/div>\n                <div id='gform_page_3_2' class='gform_page' data-js='page-field-id-9' style='display:none;'>\n                    <div class='gform_page_fields'>\n                        <div id='gform_fields_3_2' class='gform_fields top_label form_sublabel_below description_below validation_below'><div id=\"field_3_1\" class=\"gfield gfield--type-product gfield--input-type-price gfield--width-half gfield_price gfield_price_3_1 gfield_product_3_1 gfield_contains_required field_sublabel_below gfield--no-description field_description_below field_validation_below gfield_visibility_visible\"  ><label class='gfield_label gform-field-label' for='input_3_1'>Monto de Donaci\u00f3n<span class=\"gfield_required\"><span class=\"gfield_required gfield_required_text\">(Obligatorio)<\/span><\/span><\/label><div class='ginput_container ginput_container_product_price'>\n\t\t\t\t\t<input name='input_1' id='input_3_1' type='text' value='' class='large ginput_amount' tabindex='54'  aria-required=\"true\" aria-invalid=\"false\"  \/>\n\t\t\t\t<\/div><\/div><div id=\"field_3_3\" class=\"gfield gfield--type-total gfield--input-type-total gfield--width-half gfield_price gfield_price_3_ gfield_total gfield_total_3_ field_sublabel_below gfield--no-description field_description_below field_validation_below gfield_visibility_visible\"  aria-atomic=\"true\" aria-live=\"polite\" ><label class='gfield_label gform-field-label' for='input_3_3'>Total<\/label><div class='ginput_container ginput_container_total'>\n\t\t\t\t\t\t\t<input type='text' readonly name='input_3' id='input_3_3' value='$0.00' class='gform-text-input-reset ginput_total ginput_total_3' \/>\n\t\t\t\t\t\t<\/div><\/div><\/div><\/div>\n        <div class='gform-page-footer gform_page_footer top_label'><input type='submit' id='gform_previous_button_3' class='gform_previous_button gform-theme-button gform-theme-button--secondary button' onclick='gform.submission.handleButtonClick(this);' data-submission-type='previous' value='Anterior' tabindex='55' \/> <input type='submit' id='gform_submit_button_3' class='gform_button button' onclick='gform.submission.handleButtonClick(this);' data-submission-type='submit' value='Enviar' tabindex='56' \/> <input type='hidden' name='gform_ajax' value='form_id=3&amp;title=&amp;description=&amp;tabindex=49&amp;theme=orbital&amp;styles=[]&amp;hash=c9afac833905561f627051dd2af6ba42' \/>\n            <input type='hidden' class='gform_hidden' name='gform_submission_method' data-js='gform_submission_method_3' value='iframe' \/>\n            <input type='hidden' class='gform_hidden' name='gform_theme' data-js='gform_theme_3' id='gform_theme_3' value='orbital' \/>\n            <input type='hidden' class='gform_hidden' name='gform_style_settings' data-js='gform_style_settings_3' id='gform_style_settings_3' value='[]' \/>\n            <input type='hidden' class='gform_hidden' name='is_submit_3' value='1' \/>\n            <input type='hidden' class='gform_hidden' name='gform_submit' value='3' \/>\n            \n            <input type='hidden' class='gform_hidden' name='gform_currency' data-currency='USD' value='tsmi3cTgn3jrl5fMzdLVfI6SxsJjEQBU\/tJICecgO9LGSyj1Vhz2bK6A6zZAGZy9W65JD2NNtQMY8na6J50S01b3bFY8hNcFNUrFoIROWxxihRI=' \/>\n            <input type='hidden' class='gform_hidden' name='gform_unique_id' value='' \/>\n            <input type='hidden' class='gform_hidden' name='state_3' value='WyJbXSIsIjAyNjk4M2UzYmU0OTM1YjhhODJjNDI3ODQ1MjhjNmFhIl0=' \/>\n            <input type='hidden' autocomplete='off' class='gform_hidden' name='gform_target_page_number_3' id='gform_target_page_number_3' value='2' \/>\n            <input type='hidden' autocomplete='off' class='gform_hidden' name='gform_source_page_number_3' id='gform_source_page_number_3' value='1' \/>\n            <input type='hidden' name='gform_field_values' value='' \/>\n            \n        <\/div>\n             <\/div><\/div>\n                        <\/form>\n                        <\/div>\n\t\t                <iframe style='display:none;width:0px;height:0px;' src='about:blank' name='gform_ajax_frame_3' id='gform_ajax_frame_3' title='Este iframe contiene la l\u00f3gica necesaria para gestionar formularios con ajax activado.'><\/iframe>\n\t\t                <script>\ngform.initializeOnLoaded( function() {gformInitSpinner( 3, 'https:\/\/dev.almahealthcare.com\/wp-content\/plugins\/gravityforms\/images\/spinner.svg', false );jQuery('#gform_ajax_frame_3').on('load',function(){var contents = jQuery(this).contents().find('*').html();var is_postback = contents.indexOf('GF_AJAX_POSTBACK') >= 0;if(!is_postback){return;}var form_content = jQuery(this).contents().find('#gform_wrapper_3');var is_confirmation = jQuery(this).contents().find('#gform_confirmation_wrapper_3').length > 0;var is_redirect = contents.indexOf('gformRedirect(){') >= 0;var is_form = form_content.length > 0 && ! is_redirect && ! is_confirmation;var mt = parseInt(jQuery('html').css('margin-top'), 10) + parseInt(jQuery('body').css('margin-top'), 10) + 100;if(is_form){jQuery('#gform_wrapper_3').html(form_content.html());if(form_content.hasClass('gform_validation_error')){jQuery('#gform_wrapper_3').addClass('gform_validation_error');} else {jQuery('#gform_wrapper_3').removeClass('gform_validation_error');}setTimeout( function() { \/* delay the scroll by 50 milliseconds to fix a bug in chrome *\/ jQuery(document).scrollTop(jQuery('#gform_wrapper_3').offset().top - mt); }, 50 );if(window['gformInitDatepicker']) {gformInitDatepicker();}if(window['gformInitPriceFields']) {gformInitPriceFields();}var current_page = jQuery('#gform_source_page_number_3').val();gformInitSpinner( 3, 'https:\/\/dev.almahealthcare.com\/wp-content\/plugins\/gravityforms\/images\/spinner.svg', false );jQuery(document).trigger('gform_page_loaded', [3, current_page]);window['gf_submitting_3'] = false;}else if(!is_redirect){var confirmation_content = jQuery(this).contents().find('.GF_AJAX_POSTBACK').html();if(!confirmation_content){confirmation_content = contents;}jQuery('#gform_wrapper_3').replaceWith(confirmation_content);jQuery(document).scrollTop(jQuery('#gf_3').offset().top - mt);jQuery(document).trigger('gform_confirmation_loaded', [3]);window['gf_submitting_3'] = false;wp.a11y.speak(jQuery('#gform_confirmation_message_3').text());}else{jQuery('#gform_3').append(contents);if(window['gformRedirect']) {gformRedirect();}}jQuery(document).trigger(\"gform_pre_post_render\", [{ formId: \"3\", currentPage: \"current_page\", abort: function() { this.preventDefault(); } }]);        if (event && event.defaultPrevented) {                return;        }        const gformWrapperDiv = document.getElementById( \"gform_wrapper_3\" );        if ( gformWrapperDiv ) {            const visibilitySpan = document.createElement( \"span\" );            visibilitySpan.id = \"gform_visibility_test_3\";            gformWrapperDiv.insertAdjacentElement( \"afterend\", visibilitySpan );        }        const visibilityTestDiv = document.getElementById( \"gform_visibility_test_3\" );        let postRenderFired = false;        function triggerPostRender() {            if ( postRenderFired ) {                return;            }            postRenderFired = true;            gform.core.triggerPostRenderEvents( 3, current_page );            if ( visibilityTestDiv ) {                visibilityTestDiv.parentNode.removeChild( visibilityTestDiv );            }        }        function debounce( func, wait, immediate ) {            var timeout;            return function() {                var context = this, args = arguments;                var later = function() {                    timeout = null;                    if ( !immediate ) func.apply( context, args );                };                var callNow = immediate && !timeout;                clearTimeout( timeout );                timeout = setTimeout( later, wait );                if ( callNow ) func.apply( context, args );            };        }        const debouncedTriggerPostRender = debounce( function() {            triggerPostRender();        }, 200 );        if ( visibilityTestDiv && visibilityTestDiv.offsetParent === null ) {            const observer = new MutationObserver( ( mutations ) => {                mutations.forEach( ( mutation ) => {                    if ( mutation.type === 'attributes' && visibilityTestDiv.offsetParent !== null ) {                        debouncedTriggerPostRender();                        observer.disconnect();                    }                });            });            observer.observe( document.body, {                attributes: true,                childList: false,                subtree: true,                attributeFilter: [ 'style', 'class' ],            });        } else {            triggerPostRender();        }    } );} );\n<\/script>\n    <\/div>\n<\/div>","protected":false},"excerpt":{"rendered":"","protected":false},"author":1,"featured_media":0,"parent":0,"menu_order":0,"comment_status":"closed","ping_status":"closed","template":"our-impact.blade.php","meta":{"_acf_changed":false,"footnotes":""},"class_list":["post-729","page","type-page","status-publish","hentry"],"acf":[],"_links":{"self":[{"href":"https:\/\/dev.almahealthcare.com\/es\/wp-json\/wp\/v2\/pages\/729","targetHints":{"allow":["GET"]}}],"collection":[{"href":"https:\/\/dev.almahealthcare.com\/es\/wp-json\/wp\/v2\/pages"}],"about":[{"href":"https:\/\/dev.almahealthcare.com\/es\/wp-json\/wp\/v2\/types\/page"}],"author":[{"embeddable":true,"href":"https:\/\/dev.almahealthcare.com\/es\/wp-json\/wp\/v2\/users\/1"}],"replies":[{"embeddable":true,"href":"https:\/\/dev.almahealthcare.com\/es\/wp-json\/wp\/v2\/comments?post=729"}],"version-history":[{"count":1,"href":"https:\/\/dev.almahealthcare.com\/es\/wp-json\/wp\/v2\/pages\/729\/revisions"}],"predecessor-version":[{"id":731,"href":"https:\/\/dev.almahealthcare.com\/es\/wp-json\/wp\/v2\/pages\/729\/revisions\/731"}],"wp:attachment":[{"href":"https:\/\/dev.almahealthcare.com\/es\/wp-json\/wp\/v2\/media?parent=729"}],"curies":[{"name":"wp","href":"https:\/\/api.w.org\/{rel}","templated":true}]}}