{"id":865,"date":"2026-01-06T23:06:40","date_gmt":"2026-01-06T23:06:40","guid":{"rendered":"https:\/\/dev.almahealthcare.com\/profesionales-medicos-no-medicos\/"},"modified":"2026-03-23T22:22:44","modified_gmt":"2026-03-23T22:22:44","slug":"profesionales-medicos-no-medicos","status":"publish","type":"page","link":"https:\/\/dev.almahealthcare.com\/es\/profesionales-medicos-no-medicos\/","title":{"rendered":"Profesionales M\u00e9dicos No M\u00e9dicos"},"content":{"rendered":" <div class=\"general-page-image-subheader\" style=\"margin-top: -60px;\">\n            \n        <div class=\"photo-boxes \">\n                                <div class=\"photo-box-image \" >\n                        <div class=\"grad-overlay\"><\/div>\n                        <div class=\"photo-in-photo-box\" style=\"background: url(https:\/\/dev.almahealthcare.com\/wp-content\/uploads\/2026\/03\/career-advancement.jpg) center center \/ cover no-repeat;\"><\/div>\n                        <div class=\"photo-box-content\">\n                            <span class=\"photo-box-name font-header\">Oportunidades de Avance Profesional<\/span>\n                            <span class=\"photo-box-city font-regular\"><\/span>\n                        <\/div>\n                        <div class=\"study-content\">\n                            <span class=\"photo-box-study font-regular\"><\/span>     \n                        <\/div>\n                    <\/div>\n                                    <div class=\"photo-box-image \" >\n                        <div class=\"grad-overlay\"><\/div>\n                        <div class=\"photo-in-photo-box\" style=\"background: url(https:\/\/dev.almahealthcare.com\/wp-content\/uploads\/2026\/03\/Screenshot-2026-03-20-at-3.18.39-PM.png) center center \/ cover no-repeat;\"><\/div>\n                        <div class=\"photo-box-content\">\n                            <span class=\"photo-box-name font-header\">Una Red Que Realmente Abre Puertas<\/span>\n                            <span class=\"photo-box-city font-regular\"><\/span>\n                        <\/div>\n                        <div class=\"study-content\">\n                            <span class=\"photo-box-study font-regular\"><\/span>     \n                        <\/div>\n                    <\/div>\n                                    <div class=\"photo-box-image \" >\n                        <div class=\"grad-overlay\"><\/div>\n                        <div class=\"photo-in-photo-box\" style=\"background: url(https:\/\/dev.almahealthcare.com\/wp-content\/uploads\/2026\/03\/professional-development.jpg) center center \/ cover no-repeat;\"><\/div>\n                        <div class=\"photo-box-content\">\n                            <span class=\"photo-box-name font-header\">Desarrollo Profesional<\/span>\n                            <span class=\"photo-box-city font-regular\"><\/span>\n                        <\/div>\n                        <div class=\"study-content\">\n                            <span class=\"photo-box-study font-regular\"><\/span>     \n                        <\/div>\n                    <\/div>\n                                    <div class=\"photo-box-image \" >\n                        <div class=\"grad-overlay\"><\/div>\n                        <div class=\"photo-in-photo-box\" style=\"background: url(https:\/\/dev.almahealthcare.com\/wp-content\/uploads\/2026\/03\/mentorship-1.jpg) center center \/ cover no-repeat;\"><\/div>\n                        <div class=\"photo-box-content\">\n                            <span class=\"photo-box-name font-header\">Mentor\u00eda de Quienes Ya Pasaron Por Eso<\/span>\n                            <span class=\"photo-box-city font-regular\"><\/span>\n                        <\/div>\n                        <div class=\"study-content\">\n                            <span class=\"photo-box-study font-regular\"><\/span>     \n                        <\/div>\n                    <\/div>\n                            \n        <\/div>  \n        \n        <div class=\"sub-head-shape\" style=\"background-color: #fae2b3;\">\n                <\/div>\n  <\/div> <!-- side by side 1 -->\n          <div class=\"side-by-side-content\" style=\"background-color: #fae2b3;\" id=\"careerAdvancement\">\n            <div class=\"mid-container\"> \n                <div class=\"side-by-side-wrapper\">\n                    <div class=\"left-side font-regular\">\n                                        \n                                                            <h2>Oportunidades de Avance Profesional<\/h2>\n<p>Los profesionales de la salud no m\u00e9dicos frecuentemente llegan a un punto de estancamiento profesional porque no tienen acceso a las redes y la visibilidad que los m\u00e9dicos poseen de forma natural. ALMA incrementa tu visibilidad y crea oportunidades. <\/p>\n<br><a class=\"button internal-link button-orange\" href=\"#memberSignup\">Hazte Miembro<\/a>                                                                                                      \n                                           <\/div>\n                    <div class=\"right-side font-regular\">\n                                                            <div class=\"shape-wrapper-item-hd\">\n                                        <div class=\"shape-wrapper-inner\" style=\"background-color: #33251c; color: #fae2b3;\">\n                                                \n                                                <span class=\"shape-wrapper-top\">\n                                                    <svg xmlns=\"http:\/\/www.w3.org\/2000\/svg\" version=\"1.1\" viewBox=\"0 0 416.83 216.35\">\n                                                        <path fill=\"#33251c\" d=\"M207.14,65.15c73.73,0,134.69,55.69,143.05,127.22h60.29C401.9,87.7,313.98,5.15,207.14,5.15S12.38,87.7,3.8,192.37h60.29c8.36-71.53,69.32-127.22,143.05-127.22Z\"\/>\n                                                        <path fill=\"#33251c\" d=\"M332.6,209.18c0-69.29-56.17-125.46-125.46-125.46s-125.46,56.17-125.46,125.46c0,2.59.09,5.15.24,7.7h250.44c.15-2.55.24-5.11.24-7.7Z\"\/>\n                                                    <\/svg>\n                                                <\/span>\n                                                \n                                                <ul>\n<li>V\u00edas directas hacia roles de liderazgo<\/li>\n<li>Acceso a posiciones de gesti\u00f3n<\/li>\n<li>Conexiones con instituciones de salud<\/li>\n<li>Red de profesionales culturalmente competentes<\/li>\n<\/ul>\n                                                                                                \n                                        <\/div>\n                                    <\/div>\n                                \n                                                                          \n                                          <\/div>\n                <\/div>\n\n            <\/div>\n        <\/div>\n        <!-- side by side 1 end -->\n         <!-- side by side 1 -->\n          <div class=\"side-by-side-content\" style=\"background-color: #fae2b3;\" id=\"#proNetwork\">\n            <div class=\"mid-container\"> \n                <div class=\"side-by-side-wrapper\">\n                    <div class=\"left-side font-regular\">\n                                        \n                                                            <h2>Red Profesional Que Realmente Abre Puertas<\/h2>\n<p>Eres excepcional en lo que haces, pero el avance profesional frecuentemente depende de qui\u00e9n conoce tu nombre. ALMA te conecta con quienes toman las decisiones. <\/p>\n<br><a class=\"button internal-link button-orange\" href=\"#memberSignup\">\u00danete a Nosotros<\/a>                                                                                                      \n                                           <\/div>\n                    <div class=\"right-side font-regular\">\n                                                            <div class=\"shape-wrapper-item-ac\">\n                                        <div class=\"shape-wrapper-inner\" style=\"background-color: #f0b045; color: #33251c;\">\n                                                <span class=\"shape-wrapper-left\">\n                                                <svg xmlns=\"http:\/\/www.w3.org\/2000\/svg\" version=\"1.1\" viewBox=\"0 0 40 30\">\n                                                    <path fill=\"#f0b045\" d=\"M1.77,15.6l38.2,13.1V.43S1.77,13.53,1.77,13.53c-.99.34-.99,1.73,0,2.07Z\"\/>\n                                                <\/svg>\n                                                <\/span>\n                                                <span class=\"shape-wrapper-right\">\n                                                <svg xmlns=\"http:\/\/www.w3.org\/2000\/svg\" version=\"1.1\" viewBox=\"0 0 40 30\">\n                                                    <path fill=\"#f0b045\" d=\"M38.17,15.6L-.02,28.7V.43l38.2,13.1c.99.34.99,1.73,0,2.07Z\"\/>\n                                                <\/svg>\n                                                <\/span>\n                                                <span class=\"shape-wrapper-top\">\n                                                <svg xmlns=\"http:\/\/www.w3.org\/2000\/svg\" version=\"1.1\" viewBox=\"0 0 30 40\">\n                                                    <path fill=\"#f0b045\" d=\"M13.98,1.82L.89,40.02h28.27L16.06,1.82c-.34-.99-1.73-.99-2.07,0Z\"\/>\n                                                <\/svg>\n                                                <\/span>\n                                                <span class=\"shape-wrapper-bottom\">\n                                                <svg xmlns=\"http:\/\/www.w3.org\/2000\/svg\" version=\"1.1\" viewBox=\"0 0 30 40\">\n                                                    <path fill=\"#f0b045\" d=\"M13.98,38.29L.89.09h28.27l-13.1,38.2c-.34.99-1.73.99-2.07,0Z\"\/>\n                                                <\/svg>\n                                                <\/span>\n                                                <ul>\n<li>Acceso a los l\u00edderes latinos de salud m\u00e1s influyentes de Arizona<\/li>\n<li>Con\u00e9ctate con otros profesionales como t\u00fa<\/li>\n<li>Oportunidades para construir relaciones con personas que contratan, promueven y recomiendan<\/li>\n<\/ul>\n                                                                                        <\/div>\n                                    <\/div>\n                                \n                                                                          \n                                          <\/div>\n                <\/div>\n\n            <\/div>\n        <\/div>\n        <!-- side by side 1 end -->\n         <!-- side by side 1 -->\n          <div class=\"side-by-side-content\" style=\"background-color: #fae2b3;\" id=\"#continuingEducation\">\n            <div class=\"mid-container\"> \n                <div class=\"side-by-side-wrapper\">\n                    <div class=\"left-side font-regular\">\n                                        \n                                                            <h2>Educaci\u00f3n M\u00e9dica Continua (CME) y Desarrollo Profesional<\/h2>\n<p>Tu licencia y carrera dependen de mantenerte actualizado, pero la EMC puede ser costosa y gen\u00e9rica. ALMA conecta a los profesionales con educaci\u00f3n especializada que es relevante y asequible. <\/p>\n                                                                                                      \n                                           <\/div>\n                    <div class=\"right-side font-regular\">\n                                                            <div class=\"shape-wrapper-item-hd\">\n                                        <div class=\"shape-wrapper-inner\" style=\"background-color: #41bcb0; color: #33251c;\">\n                                                \n                                                <span class=\"shape-wrapper-top\">\n                                                    <svg xmlns=\"http:\/\/www.w3.org\/2000\/svg\" version=\"1.1\" viewBox=\"0 0 416.83 216.35\">\n                                                        <path fill=\"#41bcb0\" d=\"M207.14,65.15c73.73,0,134.69,55.69,143.05,127.22h60.29C401.9,87.7,313.98,5.15,207.14,5.15S12.38,87.7,3.8,192.37h60.29c8.36-71.53,69.32-127.22,143.05-127.22Z\"\/>\n                                                        <path fill=\"#41bcb0\" d=\"M332.6,209.18c0-69.29-56.17-125.46-125.46-125.46s-125.46,56.17-125.46,125.46c0,2.59.09,5.15.24,7.7h250.44c.15-2.55.24-5.11.24-7.7Z\"\/>\n                                                    <\/svg>\n                                                <\/span>\n                                                \n                                                <ul>\n<li>Acceso a oportunidades de CME, talleres y sesiones de entrenamiento<\/li>\n<li>Oportunidades de aprendizaje que abordan los desaf\u00edos que enfrentas<\/li>\n<li>Diversos temas que van desde la competencia cultural en la atenci\u00f3n al paciente hasta las pr\u00e1cticas m\u00e1s actuales en tu \u00e1rea<\/li>\n<\/ul>\n                                                                                                \n                                        <\/div>\n                                    <\/div>\n                                \n                                                                          \n                                          <\/div>\n                <\/div>\n\n            <\/div>\n        <\/div>\n        <!-- side by side 1 end -->\n         <!-- side by side 1 -->\n          <div class=\"side-by-side-content\" style=\"background-color: #fae2b3;\" id=\"#mentorship\">\n            <div class=\"mid-container\"> \n                <div class=\"side-by-side-wrapper\">\n                    <div class=\"left-side font-regular\">\n                                        \n                                                            <h2>Mentor\u00eda de Quienes Ya Pasaron Por Eso<\/h2>\n<p>Desarrollar una carrera en salud como profesional no m\u00e9dico requiere conocimientos pr\u00e1cticos que los libros no ense\u00f1an. ALMA te conecta con mentores que ya han transitado tu camino. <\/p>\n                                                                                                      \n                                           <\/div>\n                    <div class=\"right-side font-regular\">\n                                                            <div class=\"shape-wrapper-item-np\">\n                                        <div class=\"shape-wrapper-inner\" style=\"background-color: #33251c; color: #fae2b3;\">\n                                                <span class=\"shape-wrapper-left\">\n                                                <svg preserveAspectRatio=\"none\" xmlns=\"http:\/\/www.w3.org\/2000\/svg\" version=\"1.1\" viewBox=\"0 0 20 100\">\n                                                    <polygon fill=\"#33251c\" points=\"19.98 .01 0 0 19.45 48.72 .02 100.02 19.92 100.02 19.98 .01\"\/>\n                                                <\/svg>\n                                                <\/span>\n                                                <span class=\"shape-wrapper-right\">\n                                                <svg preserveAspectRatio=\"none\"  xmlns=\"http:\/\/www.w3.org\/2000\/svg\" version=\"1.1\" viewBox=\"0 0 20 100\">\n                                                    <polygon fill=\"#33251c\" points=\"0 .01 19.98 0 .52 48.72 19.96 100.02 .05 100.02 0 .01\"\/>\n                                                <\/svg>\n                                                <\/span>\n                                                <span class=\"shape-wrapper-top\">\n                                                <svg preserveAspectRatio=\"none\" xmlns=\"http:\/\/www.w3.org\/2000\/svg\" version=\"1.1\" viewBox=\"0 0 100 20\">\n                                                    <polygon fill=\"#33251c\" points=\"70.04 19.96 30.04 19.96 17.48 -.04 82.47 -.04 70.04 19.96\"\/>\n                                                <\/svg>\n                                                <\/span>\n                                                <span class=\"shape-wrapper-bottom\">\n                                                <svg preserveAspectRatio=\"none\" class=\"shape-wrapper-bottom\" xmlns=\"http:\/\/www.w3.org\/2000\/svg\" version=\"1.1\" viewBox=\"0 0 100 20\">\n                                                    <polygon fill=\"#33251c\" points=\"70.04 -.04 30.04 -.04 17.48 19.96 82.47 19.96 70.04 -.04\"\/>\n                                                <\/svg>\n                                                <\/span>\n                                                <ul>\n<li>Gu\u00eda de profesionales con experiencia que comprenden los retos \u00fanicos que enfrentan enfermeros, farmac\u00e9uticos, t\u00e9cnicos y profesionales de la salud.<\/li>\n<li>Obt\u00e9n asesoramiento sobre temas especializados<\/li>\n<li>Aprende a construir una carrera que importa\u2014no solo un trabajo<\/li>\n<\/ul>\n                                                                                        <\/div>\n                                    <\/div>\n                                                                          \n                                          <\/div>\n                <\/div>\n\n            <\/div>\n        <\/div>\n        <!-- side by side 1 end -->\n        <div class=\"dot-divider-block\" style=\"padding-top: 40px; padding-bottom: 40px; margin-top: 0px; margin-bottom: 0px; background-color: #FAE2B3;\"><\/div><div id=\"memberSignup\">\n            <div class=\"member-signup-container\">\n            <h2>Hazte Miembro como Profesional de la Salud No M\u00e9dico <\/h2>\n            <div class=\"membership-cost\">$200 \/ a\u00f1o<\/div>\n            <div class=\"container\">\n            \n                    \n                    <div class=\"member-signup-steps font-regular\">\n                        <span class=\"basic-step active\">Basic Information<\/span>\n                        <span class=\"payment-step\">Payment Details<\/span>\n                    <\/div>\n                    <div id=\"SFctr\" class=\"SF\" data-org=\"33893\" data-ini=\"join\" data-wpl=\"\/wp-admin\/admin-ajax.php\" data-lvl=\"694b1222e23f8f82ef0ce01b\" data-sfi=\"1\" style=\"position:relative;height:auto\"><div id=\"SFpne\" style=\"position:relative\"><div class=\"SFpne\">Loading&#8230;<\/div><\/div><div id=\"SFfin\" style=\"clear:both\"><\/div><\/div>                \n            <\/div>\n        <\/div>\n    <\/div>","protected":false},"excerpt":{"rendered":"","protected":false},"author":1,"featured_media":0,"parent":0,"menu_order":0,"comment_status":"closed","ping_status":"closed","template":"membership-signup.blade.php","meta":{"_acf_changed":false,"footnotes":""},"class_list":["post-865","page","type-page","status-publish","hentry"],"acf":[],"_links":{"self":[{"href":"https:\/\/dev.almahealthcare.com\/es\/wp-json\/wp\/v2\/pages\/865","targetHints":{"allow":["GET"]}}],"collection":[{"href":"https:\/\/dev.almahealthcare.com\/es\/wp-json\/wp\/v2\/pages"}],"about":[{"href":"https:\/\/dev.almahealthcare.com\/es\/wp-json\/wp\/v2\/types\/page"}],"author":[{"embeddable":true,"href":"https:\/\/dev.almahealthcare.com\/es\/wp-json\/wp\/v2\/users\/1"}],"replies":[{"embeddable":true,"href":"https:\/\/dev.almahealthcare.com\/es\/wp-json\/wp\/v2\/comments?post=865"}],"version-history":[{"count":1,"href":"https:\/\/dev.almahealthcare.com\/es\/wp-json\/wp\/v2\/pages\/865\/revisions"}],"predecessor-version":[{"id":872,"href":"https:\/\/dev.almahealthcare.com\/es\/wp-json\/wp\/v2\/pages\/865\/revisions\/872"}],"wp:attachment":[{"href":"https:\/\/dev.almahealthcare.com\/es\/wp-json\/wp\/v2\/media?parent=865"}],"curies":[{"name":"wp","href":"https:\/\/api.w.org\/{rel}","templated":true}]}}